{"id":443,"date":"2025-04-19T21:31:41","date_gmt":"2025-04-19T19:31:41","guid":{"rendered":"http:\/\/macstudio.local\/p-edge.nl\/?page_id=443"},"modified":"2025-04-26T09:58:39","modified_gmt":"2025-04-26T07:58:39","slug":"contact","status":"publish","type":"page","link":"https:\/\/p-edge.nl\/nl\/about\/contact\/","title":{"rendered":"Contact"},"content":{"rendered":"<h2 class=\"wp-block-heading\">Hulp nodig?<\/h2>\n\n\n\n<p>Heb je een vraag over, of een probleem met \u00e9\u00e9n van mijn apps of games? Bekijk eerst de <a href=\"https:\/\/p-edge.nl\/nl\/support\/\" data-type=\"page\" data-id=\"59\">support pagina's<\/a> .<\/p>\n\n\n\n<h2 class=\"wp-block-heading\">YouTube<\/h2>\n\n\n\n<div class=\"wp-block-columns are-vertically-aligned-center is-not-stacked-on-mobile is-layout-flex wp-container-core-columns-is-layout-28f84493 wp-block-columns-is-layout-flex\">\n<div class=\"wp-block-column is-vertically-aligned-center is-layout-flow wp-block-column-is-layout-flow\" style=\"flex-basis:10%\">\n<figure class=\"wp-block-image size-full\"><a href=\"https:\/\/www.youtube.com\/@p-edgemedia\" target=\"_blank\"><img loading=\"lazy\" decoding=\"async\" width=\"512\" height=\"512\" src=\"https:\/\/p-edge.nl\/wp-content\/uploads\/2025\/04\/youtube-icon.png\" alt=\"\" class=\"wp-image-1365\" srcset=\"https:\/\/p-edge.nl\/wp-content\/uploads\/2025\/04\/youtube-icon.png 512w, https:\/\/p-edge.nl\/wp-content\/uploads\/2025\/04\/youtube-icon-300x300.png 300w, https:\/\/p-edge.nl\/wp-content\/uploads\/2025\/04\/youtube-icon-150x150.png 150w, https:\/\/p-edge.nl\/wp-content\/uploads\/2025\/04\/youtube-icon-12x12.png 12w\" sizes=\"auto, (max-width: 512px) 100vw, 512px\" \/><\/a><\/figure>\n<\/div>\n\n\n\n<div class=\"wp-block-column is-vertically-aligned-center is-layout-flow wp-block-column-is-layout-flow\" style=\"flex-basis:90%\">\n<p>Bekijk P-Edge media&nbsp;<a href=\"https:\/\/www.youtube.com\/@p-edgemedia\" target=\"_blank\" rel=\"noreferrer noopener\">op YouTube<\/a>.<\/p>\n<\/div>\n<\/div>\n\n\n\n<h2 class=\"wp-block-heading\">Stuur een bericht<\/h2>\n\n\n\n<p>Je persoonlijke gegevens worden all\u00e9\u00e9n gebruikt om een antwoord aan je te sturen. I verstuur g\u00e9\u00e9n nieuwsbrieven en bewaar je gegevens niet. Bekijk het <a href=\"https:\/\/p-edge.nl\/nl\/about\/privacy-policy\/\" data-type=\"page\" data-id=\"3\">privacybeleid<\/a>.<\/p>\n\n\n\n<div class=\"wp-block-contact-form-7-contact-form-selector\">\n<div class=\"wpcf7 no-js\" id=\"wpcf7-f64-o1\" lang=\"en-GB\" dir=\"ltr\" data-wpcf7-id=\"64\">\n<div class=\"screen-reader-response\"><p role=\"status\" aria-live=\"polite\" aria-atomic=\"true\"><\/p> <ul><\/ul><\/div>\n<form action=\"\/nl\/wp-json\/wp\/v2\/pages\/443#wpcf7-f64-o1\" method=\"post\" class=\"wpcf7-form init\" aria-label=\"Contact form\" novalidate=\"novalidate\" data-status=\"init\" data-trp-original-action=\"\/nl\/wp-json\/wp\/v2\/pages\/443#wpcf7-f64-o1\">\n<fieldset class=\"hidden-fields-container\"><input type=\"hidden\" name=\"_wpcf7\" value=\"64\" \/><input type=\"hidden\" name=\"_wpcf7_version\" value=\"6.1.5\" \/><input type=\"hidden\" name=\"_wpcf7_locale\" value=\"en_GB\" \/><input type=\"hidden\" name=\"_wpcf7_unit_tag\" value=\"wpcf7-f64-o1\" \/><input type=\"hidden\" name=\"_wpcf7_container_post\" value=\"0\" \/><input type=\"hidden\" name=\"_wpcf7_posted_data_hash\" value=\"\" \/>\n<\/fieldset>\n<p><label>Je naam<\/label><br \/>\n<span class=\"wpcf7-form-control-wrap\" data-name=\"your-name\"><input size=\"40\" maxlength=\"400\" class=\"wpcf7-form-control wpcf7-text wpcf7-validates-as-required\" aria-required=\"true\" aria-invalid=\"false\" value=\"\" type=\"text\" name=\"your-name\" \/><\/span>\n<\/p>\n<p><label>Je e-mail adres<\/label><br \/>\n<span class=\"wpcf7-form-control-wrap\" data-name=\"your-email\"><input size=\"40\" maxlength=\"400\" class=\"wpcf7-form-control wpcf7-email wpcf7-validates-as-required wpcf7-text wpcf7-validates-as-email\" aria-required=\"true\" aria-invalid=\"false\" value=\"\" type=\"email\" name=\"your-email\" \/><\/span>\n<\/p>\n<p><label>Onderwerp<\/label><br \/>\n<span class=\"wpcf7-form-control-wrap\" data-name=\"select-413\"><select class=\"wpcf7-form-control wpcf7-select wpcf7-validates-as-required\" aria-required=\"true\" aria-invalid=\"false\" name=\"select-413\"><option value=\"\">Choose subject<\/option><option value=\"SevenBloks\">SevenBloks<\/option><option value=\"Blok10\">Blok10<\/option><option value=\"Weerbericht Nederland\">Weerbericht Nederland<\/option><option value=\"Weeralarm Nederland\">Weeralarm Nederland<\/option><option value=\"Something else\">Something else<\/option><\/select><\/span>\n<\/p>\n<p><label>Jouw bericht<\/label><br \/>\n<span class=\"wpcf7-form-control-wrap\" data-name=\"your-message\"><textarea cols=\"40\" rows=\"10\" maxlength=\"2000\" class=\"wpcf7-form-control wpcf7-textarea wpcf7-validates-as-required\" aria-required=\"true\" aria-invalid=\"false\" name=\"your-message\"><\/textarea><\/span>\n<\/p>\n<p><span class=\"wpcf7-form-control-wrap\" data-name=\"hcap-cf7\">\t\t<input\n\t\t\t\ttype=\"hidden\"\n\t\t\t\tclass=\"hcaptcha-widget-id\"\n\t\t\t\tname=\"hcaptcha-widget-id\"\n\t\t\t\tvalue=\"eyJzb3VyY2UiOlsiY29udGFjdC1mb3JtLTdcL3dwLWNvbnRhY3QtZm9ybS03LnBocCJdLCJmb3JtX2lkIjowfQ==-bb4f70ac9d5807ca4b71a18d7323a244\">\n\t\t\t\t<span id=\"hcap_cf7-69defa39999343.42410673\" class=\"wpcf7-form-control h-captcha\"\n\t\t\tdata-sitekey=\"0c64880c-9498-4e58-8e16-36faf454263e\"\n\t\t\tdata-theme=\"auto\"\n\t\t\tdata-size=\"normal\"\n\t\t\tdata-auto=\"false\"\n\t\t\tdata-ajax=\"false\"\n\t\t\tdata-force=\"false\">\n\t\t<\/span>\n\t\t<input type=\"hidden\" id=\"_wpnonce\" name=\"_wpnonce\" value=\"5be87041fd\" \/><input type=\"hidden\" name=\"_wp_http_referer\" value=\"\/nl\/wp-json\/wp\/v2\/pages\/443\" \/><\/span><input class=\"wpcf7-form-control wpcf7-submit has-spinner\" type=\"submit\" value=\"Verzenden\" \/>\n<\/p><div class=\"wpcf7-response-output\" aria-hidden=\"true\"><\/div>\n<input type=\"hidden\" name=\"trp-form-language\" value=\"nl\"\/><\/form>\n<\/div>\n<\/div>","protected":false},"excerpt":{"rendered":"<p>Need help? Do you have a question about, or an issue with one of my apps or games? Please visit the support pages first. YouTube Watch P-Edge media&nbsp;on YouTube. Send a message Your personal information is only used to send you a reply. I do not send newsletters and will not keep your details. View [&hellip;]<\/p>\n","protected":false},"author":1,"featured_media":0,"parent":61,"menu_order":0,"comment_status":"closed","ping_status":"closed","template":"","meta":{"footnotes":""},"class_list":["post-443","page","type-page","status-publish","hentry"],"_links":{"self":[{"href":"https:\/\/p-edge.nl\/nl\/wp-json\/wp\/v2\/pages\/443","targetHints":{"allow":["GET"]}}],"collection":[{"href":"https:\/\/p-edge.nl\/nl\/wp-json\/wp\/v2\/pages"}],"about":[{"href":"https:\/\/p-edge.nl\/nl\/wp-json\/wp\/v2\/types\/page"}],"author":[{"embeddable":true,"href":"https:\/\/p-edge.nl\/nl\/wp-json\/wp\/v2\/users\/1"}],"replies":[{"embeddable":true,"href":"https:\/\/p-edge.nl\/nl\/wp-json\/wp\/v2\/comments?post=443"}],"version-history":[{"count":11,"href":"https:\/\/p-edge.nl\/nl\/wp-json\/wp\/v2\/pages\/443\/revisions"}],"predecessor-version":[{"id":1373,"href":"https:\/\/p-edge.nl\/nl\/wp-json\/wp\/v2\/pages\/443\/revisions\/1373"}],"up":[{"embeddable":true,"href":"https:\/\/p-edge.nl\/nl\/wp-json\/wp\/v2\/pages\/61"}],"wp:attachment":[{"href":"https:\/\/p-edge.nl\/nl\/wp-json\/wp\/v2\/media?parent=443"}],"curies":[{"name":"wp","href":"https:\/\/api.w.org\/{rel}","templated":true}]}}